{"id":334,"date":"2020-12-22T01:31:54","date_gmt":"2020-12-22T01:31:54","guid":{"rendered":"http:\/\/retinacr.com\/?page_id=334"},"modified":"2020-12-22T02:49:14","modified_gmt":"2020-12-22T02:49:14","slug":"educacion","status":"publish","type":"page","link":"https:\/\/retinacr.com\/en\/educacion\/","title":{"rendered":"Education"},"content":{"rendered":"<div data-elementor-type=\"wp-page\" data-elementor-id=\"334\" class=\"elementor elementor-334\">\n\t\t\t\t\t\t<section class=\"elementor-section elementor-top-section elementor-element elementor-element-5677145 elementor-section-boxed elementor-section-height-default elementor-section-height-default\" data-id=\"5677145\" data-element_type=\"section\">\n\t\t\t\t\t\t<div class=\"elementor-container elementor-column-gap-default\">\n\t\t\t\t\t<div class=\"elementor-column elementor-col-100 elementor-top-column elementor-element elementor-element-6ec2597\" data-id=\"6ec2597\" data-element_type=\"column\">\n\t\t\t<div class=\"elementor-widget-wrap elementor-element-populated\">\n\t\t\t\t\t\t<div class=\"elementor-element elementor-element-4ee643c elementor-widget elementor-widget-spacer\" data-id=\"4ee643c\" data-element_type=\"widget\" data-widget_type=\"spacer.default\">\n\t\t\t\t<div class=\"elementor-widget-container\">\n\t\t\t\t\t\t\t<div class=\"elementor-spacer\">\n\t\t\t<div class=\"elementor-spacer-inner\"><\/div>\n\t\t<\/div>\n\t\t\t\t\t\t<\/div>\n\t\t\t\t<\/div>\n\t\t\t\t<div class=\"elementor-element elementor-element-c74679f elementor-widget elementor-widget-heading\" data-id=\"c74679f\" data-element_type=\"widget\" data-widget_type=\"heading.default\">\n\t\t\t\t<div class=\"elementor-widget-container\">\n\t\t\t\t\t<h2 class=\"elementor-heading-title elementor-size-default\">Education<\/h2>\t\t\t\t<\/div>\n\t\t\t\t<\/div>\n\t\t\t\t\t<\/div>\n\t\t<\/div>\n\t\t\t\t\t<\/div>\n\t\t<\/section>\n\t\t\t\t<section class=\"elementor-section elementor-top-section elementor-element elementor-element-671a893 elementor-section-boxed elementor-section-height-default elementor-section-height-default\" data-id=\"671a893\" data-element_type=\"section\">\n\t\t\t\t\t\t<div class=\"elementor-container elementor-column-gap-default\">\n\t\t\t\t\t<div class=\"elementor-column elementor-col-100 elementor-top-column elementor-element elementor-element-8b22d4d\" data-id=\"8b22d4d\" data-element_type=\"column\">\n\t\t\t<div class=\"elementor-widget-wrap elementor-element-populated\">\n\t\t\t\t\t\t<div class=\"elementor-element elementor-element-9a7112e elementor-widget-divider--view-line elementor-widget elementor-widget-divider\" data-id=\"9a7112e\" data-element_type=\"widget\" data-widget_type=\"divider.default\">\n\t\t\t\t<div class=\"elementor-widget-container\">\n\t\t\t\t\t\t\t<div class=\"elementor-divider\">\n\t\t\t<span class=\"elementor-divider-separator\">\n\t\t\t\t\t\t<\/span>\n\t\t<\/div>\n\t\t\t\t\t\t<\/div>\n\t\t\t\t<\/div>\n\t\t\t\t\t<\/div>\n\t\t<\/div>\n\t\t\t\t\t<\/div>\n\t\t<\/section>\n\t\t\t\t<section class=\"elementor-section elementor-top-section elementor-element elementor-element-5b3460c elementor-section-boxed elementor-section-height-default elementor-section-height-default\" data-id=\"5b3460c\" data-element_type=\"section\">\n\t\t\t\t\t\t<div class=\"elementor-container elementor-column-gap-default\">\n\t\t\t\t\t<div class=\"elementor-column elementor-col-100 elementor-top-column elementor-element elementor-element-c520b6e\" data-id=\"c520b6e\" data-element_type=\"column\">\n\t\t\t<div class=\"elementor-widget-wrap elementor-element-populated\">\n\t\t\t\t\t\t<div class=\"elementor-element elementor-element-c147e0f elementor-widget elementor-widget-spacer\" data-id=\"c147e0f\" data-element_type=\"widget\" data-widget_type=\"spacer.default\">\n\t\t\t\t<div class=\"elementor-widget-container\">\n\t\t\t\t\t\t\t<div class=\"elementor-spacer\">\n\t\t\t<div class=\"elementor-spacer-inner\"><\/div>\n\t\t<\/div>\n\t\t\t\t\t\t<\/div>\n\t\t\t\t<\/div>\n\t\t\t\t\t<\/div>\n\t\t<\/div>\n\t\t\t\t\t<\/div>\n\t\t<\/section>\n\t\t\t\t<section class=\"elementor-section elementor-top-section elementor-element elementor-element-1e94cd0 elementor-section-boxed elementor-section-height-default elementor-section-height-default\" data-id=\"1e94cd0\" data-element_type=\"section\">\n\t\t\t\t\t\t<div class=\"elementor-container elementor-column-gap-default\">\n\t\t\t\t\t<div class=\"elementor-column elementor-col-20 elementor-top-column elementor-element elementor-element-e0c0719\" data-id=\"e0c0719\" data-element_type=\"column\">\n\t\t\t<div class=\"elementor-widget-wrap elementor-element-populated\">\n\t\t\t\t\t\t<div class=\"elementor-element elementor-element-1d8fdc8 elementor-position-top elementor-widget elementor-widget-image-box\" data-id=\"1d8fdc8\" data-element_type=\"widget\" data-widget_type=\"image-box.default\">\n\t\t\t\t<div class=\"elementor-widget-container\">\n\t\t\t\t\t<div class=\"elementor-image-box-wrapper\"><figure class=\"elementor-image-box-img\"><img fetchpriority=\"high\" decoding=\"async\" width=\"1200\" height=\"1200\" src=\"https:\/\/retinacr.com\/wp-content\/uploads\/2020\/12\/1200px-Cornell_University_seal.svg_.png\" class=\"attachment-full size-full wp-image-341\" alt=\"\" srcset=\"https:\/\/retinacr.com\/wp-content\/uploads\/2020\/12\/1200px-Cornell_University_seal.svg_.png 1200w, https:\/\/retinacr.com\/wp-content\/uploads\/2020\/12\/1200px-Cornell_University_seal.svg_-300x300.png 300w, https:\/\/retinacr.com\/wp-content\/uploads\/2020\/12\/1200px-Cornell_University_seal.svg_-1024x1024.png 1024w, https:\/\/retinacr.com\/wp-content\/uploads\/2020\/12\/1200px-Cornell_University_seal.svg_-150x150.png 150w, https:\/\/retinacr.com\/wp-content\/uploads\/2020\/12\/1200px-Cornell_University_seal.svg_-768x768.png 768w\" sizes=\"(max-width: 1200px) 100vw, 1200px\" \/><\/figure><div class=\"elementor-image-box-content\"><h3 class=\"elementor-image-box-title\">Cornell University<\/h3><p class=\"elementor-image-box-description\"><br>Studied Chemistry and Biological Sciences at Cornell University, where he graduated with distinction in all subjects.<br><\/p><\/div><\/div>\t\t\t\t<\/div>\n\t\t\t\t<\/div>\n\t\t\t\t\t<\/div>\n\t\t<\/div>\n\t\t\t\t<div class=\"elementor-column elementor-col-20 elementor-top-column elementor-element elementor-element-daf0884\" data-id=\"daf0884\" data-element_type=\"column\">\n\t\t\t<div class=\"elementor-widget-wrap elementor-element-populated\">\n\t\t\t\t\t\t<div class=\"elementor-element elementor-element-2065a31 elementor-position-top elementor-widget elementor-widget-image-box\" data-id=\"2065a31\" data-element_type=\"widget\" data-widget_type=\"image-box.default\">\n\t\t\t\t<div class=\"elementor-widget-container\">\n\t\t\t\t\t<div class=\"elementor-image-box-wrapper\"><figure class=\"elementor-image-box-img\"><img decoding=\"async\" width=\"900\" height=\"1250\" src=\"https:\/\/retinacr.com\/wp-content\/uploads\/2020\/12\/755bb4907c33b55a68a1b6b9865375cb.jpg\" class=\"attachment-full size-full wp-image-343\" alt=\"\" srcset=\"https:\/\/retinacr.com\/wp-content\/uploads\/2020\/12\/755bb4907c33b55a68a1b6b9865375cb.jpg 900w, https:\/\/retinacr.com\/wp-content\/uploads\/2020\/12\/755bb4907c33b55a68a1b6b9865375cb-216x300.jpg 216w, https:\/\/retinacr.com\/wp-content\/uploads\/2020\/12\/755bb4907c33b55a68a1b6b9865375cb-737x1024.jpg 737w, https:\/\/retinacr.com\/wp-content\/uploads\/2020\/12\/755bb4907c33b55a68a1b6b9865375cb-768x1067.jpg 768w\" sizes=\"(max-width: 900px) 100vw, 900px\" \/><\/figure><div class=\"elementor-image-box-content\"><h3 class=\"elementor-image-box-title\">Tulane University<\/h3><p class=\"elementor-image-box-description\"><br>Studied Medicine at Tulane University in New Orleans, Louisiana, USA.<br><\/p><\/div><\/div>\t\t\t\t<\/div>\n\t\t\t\t<\/div>\n\t\t\t\t\t<\/div>\n\t\t<\/div>\n\t\t\t\t<div class=\"elementor-column elementor-col-20 elementor-top-column elementor-element elementor-element-f0c0379\" data-id=\"f0c0379\" data-element_type=\"column\">\n\t\t\t<div class=\"elementor-widget-wrap elementor-element-populated\">\n\t\t\t\t\t\t<div class=\"elementor-element elementor-element-6337693 elementor-position-top elementor-widget elementor-widget-image-box\" data-id=\"6337693\" data-element_type=\"widget\" data-widget_type=\"image-box.default\">\n\t\t\t\t<div class=\"elementor-widget-container\">\n\t\t\t\t\t<div class=\"elementor-image-box-wrapper\"><figure class=\"elementor-image-box-img\"><img decoding=\"async\" width=\"620\" height=\"375\" src=\"https:\/\/retinacr.com\/wp-content\/uploads\/2020\/12\/ocr-showcase_image-4-a-6822-1-1.jpg\" class=\"attachment-full size-full wp-image-346\" alt=\"\" srcset=\"https:\/\/retinacr.com\/wp-content\/uploads\/2020\/12\/ocr-showcase_image-4-a-6822-1-1.jpg 620w, https:\/\/retinacr.com\/wp-content\/uploads\/2020\/12\/ocr-showcase_image-4-a-6822-1-1-300x181.jpg 300w\" sizes=\"(max-width: 620px) 100vw, 620px\" \/><\/figure><div class=\"elementor-image-box-content\"><h3 class=\"elementor-image-box-title\">Columbia-Presbyterian<\/h3><p class=\"elementor-image-box-description\"><br>Completed his internship in Internal Medicine at Columbia-Presbyterian Medical Center, Columbia University in New York.<\/p><\/div><\/div>\t\t\t\t<\/div>\n\t\t\t\t<\/div>\n\t\t\t\t\t<\/div>\n\t\t<\/div>\n\t\t\t\t<div class=\"elementor-column elementor-col-20 elementor-top-column elementor-element elementor-element-601d0a9\" data-id=\"601d0a9\" data-element_type=\"column\">\n\t\t\t<div class=\"elementor-widget-wrap elementor-element-populated\">\n\t\t\t\t\t\t<div class=\"elementor-element elementor-element-04f76e1 elementor-position-top elementor-widget elementor-widget-image-box\" data-id=\"04f76e1\" data-element_type=\"widget\" data-widget_type=\"image-box.default\">\n\t\t\t\t<div class=\"elementor-widget-container\">\n\t\t\t\t\t<div class=\"elementor-image-box-wrapper\"><figure class=\"elementor-image-box-img\"><img loading=\"lazy\" decoding=\"async\" width=\"156\" height=\"152\" src=\"https:\/\/retinacr.com\/wp-content\/uploads\/2020\/12\/download-3.png\" class=\"attachment-full size-full wp-image-347\" alt=\"\" \/><\/figure><div class=\"elementor-image-box-content\"><h3 class=\"elementor-image-box-title\">Mt. Sinai<\/h3><p class=\"elementor-image-box-description\"><br>Completed his residency at Mount Sinai Medical Center in New York, where he distinguished himself as Chief Resident.<\/p><\/div><\/div>\t\t\t\t<\/div>\n\t\t\t\t<\/div>\n\t\t\t\t\t<\/div>\n\t\t<\/div>\n\t\t\t\t<div class=\"elementor-column elementor-col-20 elementor-top-column elementor-element elementor-element-e5f87ae\" data-id=\"e5f87ae\" data-element_type=\"column\">\n\t\t\t<div class=\"elementor-widget-wrap elementor-element-populated\">\n\t\t\t\t\t\t<div class=\"elementor-element elementor-element-861d17e elementor-position-top elementor-widget elementor-widget-image-box\" data-id=\"861d17e\" data-element_type=\"widget\" data-widget_type=\"image-box.default\">\n\t\t\t\t<div class=\"elementor-widget-container\">\n\t\t\t\t\t<div class=\"elementor-image-box-wrapper\"><figure class=\"elementor-image-box-img\"><img loading=\"lazy\" decoding=\"async\" width=\"289\" height=\"115\" src=\"https:\/\/retinacr.com\/wp-content\/uploads\/2020\/12\/2018-SIMPLIFIED_LOGO_Thumbnail.png\" class=\"attachment-full size-full wp-image-340\" alt=\"\" \/><\/figure><div class=\"elementor-image-box-content\"><h3 class=\"elementor-image-box-title\">National Retina Institute<\/h3><p class=\"elementor-image-box-description\"><br>Se entren\u00f3 como retin\u00f3logo bajo la supervisi\u00f3n de los doctores Robert Murphy y Bert Glaser en el National Retina Institute en Baltimore<\/p><\/div><\/div>\t\t\t\t<\/div>\n\t\t\t\t<\/div>\n\t\t\t\t\t<\/div>\n\t\t<\/div>\n\t\t\t\t\t<\/div>\n\t\t<\/section>\n\t\t\t\t<section class=\"elementor-section elementor-top-section elementor-element elementor-element-7c0bb18 elementor-section-boxed elementor-section-height-default elementor-section-height-default\" data-id=\"7c0bb18\" data-element_type=\"section\">\n\t\t\t\t\t\t<div class=\"elementor-container elementor-column-gap-default\">\n\t\t\t\t\t<div class=\"elementor-column elementor-col-100 elementor-top-column elementor-element elementor-element-90094e5\" data-id=\"90094e5\" data-element_type=\"column\">\n\t\t\t<div class=\"elementor-widget-wrap elementor-element-populated\">\n\t\t\t\t\t\t<div class=\"elementor-element elementor-element-879204d elementor-widget elementor-widget-spacer\" data-id=\"879204d\" data-element_type=\"widget\" data-widget_type=\"spacer.default\">\n\t\t\t\t<div class=\"elementor-widget-container\">\n\t\t\t\t\t\t\t<div class=\"elementor-spacer\">\n\t\t\t<div class=\"elementor-spacer-inner\"><\/div>\n\t\t<\/div>\n\t\t\t\t\t\t<\/div>\n\t\t\t\t<\/div>\n\t\t\t\t\t<\/div>\n\t\t<\/div>\n\t\t\t\t\t<\/div>\n\t\t<\/section>\n\t\t\t\t<\/div>","protected":false},"excerpt":{"rendered":"<p>Educaci\u00f3n Cornell University Estudi\u00f3 Qu\u00edmica y Ciencias Biol\u00f3gicas en Cornell University, donde se gradu\u00f3 con distinci\u00f3n en todas las materias Tulane University Estudi\u00f3 Medicina en la Universidad de Tulane, en Nueva Orleans, EEUU Columbia-Presbyterian Realiz\u00f3 su internado en Medicina Interna en Columbia-Presbyterian Medical Center, Columbia University en Nueva York Mt. Sinai Fue residente de Mount &hellip;<\/p>\n<p class=\"read-more\"> <a class=\"\" href=\"https:\/\/retinacr.com\/en\/educacion\/\"> <span class=\"screen-reader-text\">Education<\/span> Read More &raquo;<\/a><\/p>","protected":false},"author":1,"featured_media":0,"parent":0,"menu_order":0,"comment_status":"closed","ping_status":"closed","template":"","meta":{"footnotes":""},"class_list":["post-334","page","type-page","status-publish","hentry"],"_links":{"self":[{"href":"https:\/\/retinacr.com\/en\/wp-json\/wp\/v2\/pages\/334","targetHints":{"allow":["GET"]}}],"collection":[{"href":"https:\/\/retinacr.com\/en\/wp-json\/wp\/v2\/pages"}],"about":[{"href":"https:\/\/retinacr.com\/en\/wp-json\/wp\/v2\/types\/page"}],"author":[{"embeddable":true,"href":"https:\/\/retinacr.com\/en\/wp-json\/wp\/v2\/users\/1"}],"replies":[{"embeddable":true,"href":"https:\/\/retinacr.com\/en\/wp-json\/wp\/v2\/comments?post=334"}],"version-history":[{"count":8,"href":"https:\/\/retinacr.com\/en\/wp-json\/wp\/v2\/pages\/334\/revisions"}],"predecessor-version":[{"id":359,"href":"https:\/\/retinacr.com\/en\/wp-json\/wp\/v2\/pages\/334\/revisions\/359"}],"wp:attachment":[{"href":"https:\/\/retinacr.com\/en\/wp-json\/wp\/v2\/media?parent=334"}],"curies":[{"name":"wp","href":"https:\/\/api.w.org\/{rel}","templated":true}]}}