{"id":306,"date":"2020-01-13T03:31:27","date_gmt":"2020-01-13T03:31:27","guid":{"rendered":"http:\/\/retinacr.com\/?page_id=306"},"modified":"2020-01-14T01:48:02","modified_gmt":"2020-01-14T01:48:02","slug":"estudios-complementarios","status":"publish","type":"page","link":"https:\/\/retinacr.com\/en\/estudios-complementarios\/","title":{"rendered":"OCT"},"content":{"rendered":"<div data-elementor-type=\"wp-page\" data-elementor-id=\"306\" class=\"elementor elementor-306\">\n\t\t\t\t\t\t<section class=\"elementor-section elementor-top-section elementor-element elementor-element-2779b5e elementor-section-boxed elementor-section-height-default elementor-section-height-default\" data-id=\"2779b5e\" data-element_type=\"section\">\n\t\t\t\t\t\t<div class=\"elementor-container elementor-column-gap-default\">\n\t\t\t\t\t<div class=\"elementor-column elementor-col-100 elementor-top-column elementor-element elementor-element-45f9bcb\" data-id=\"45f9bcb\" data-element_type=\"column\">\n\t\t\t<div class=\"elementor-widget-wrap elementor-element-populated\">\n\t\t\t\t\t\t<div class=\"elementor-element elementor-element-43080bf elementor-widget elementor-widget-spacer\" data-id=\"43080bf\" data-element_type=\"widget\" data-widget_type=\"spacer.default\">\n\t\t\t\t<div class=\"elementor-widget-container\">\n\t\t\t\t\t\t\t<div class=\"elementor-spacer\">\n\t\t\t<div class=\"elementor-spacer-inner\"><\/div>\n\t\t<\/div>\n\t\t\t\t\t\t<\/div>\n\t\t\t\t<\/div>\n\t\t\t\t<div class=\"elementor-element elementor-element-28d92f6 elementor-widget elementor-widget-heading\" data-id=\"28d92f6\" data-element_type=\"widget\" data-widget_type=\"heading.default\">\n\t\t\t\t<div class=\"elementor-widget-container\">\n\t\t\t\t\t<h2 class=\"elementor-heading-title elementor-size-default\">Tomograf\u00eda de Coherencia \u00d3ptica<\/h2>\t\t\t\t<\/div>\n\t\t\t\t<\/div>\n\t\t\t\t<div class=\"elementor-element elementor-element-873b7cb elementor-widget-divider--view-line elementor-widget elementor-widget-divider\" data-id=\"873b7cb\" data-element_type=\"widget\" data-widget_type=\"divider.default\">\n\t\t\t\t<div class=\"elementor-widget-container\">\n\t\t\t\t\t\t\t<div class=\"elementor-divider\">\n\t\t\t<span class=\"elementor-divider-separator\">\n\t\t\t\t\t\t<\/span>\n\t\t<\/div>\n\t\t\t\t\t\t<\/div>\n\t\t\t\t<\/div>\n\t\t\t\t\t<\/div>\n\t\t<\/div>\n\t\t\t\t\t<\/div>\n\t\t<\/section>\n\t\t\t\t<section class=\"elementor-section elementor-top-section elementor-element elementor-element-0ab8913 elementor-section-boxed elementor-section-height-default elementor-section-height-default\" data-id=\"0ab8913\" data-element_type=\"section\">\n\t\t\t\t\t\t<div class=\"elementor-container elementor-column-gap-default\">\n\t\t\t\t\t<div class=\"elementor-column elementor-col-100 elementor-top-column elementor-element elementor-element-f04e35c\" data-id=\"f04e35c\" data-element_type=\"column\">\n\t\t\t<div class=\"elementor-widget-wrap elementor-element-populated\">\n\t\t\t\t\t\t<div class=\"elementor-element elementor-element-6bb9aa7 elementor-widget elementor-widget-text-editor\" data-id=\"6bb9aa7\" data-element_type=\"widget\" data-widget_type=\"text-editor.default\">\n\t\t\t\t<div class=\"elementor-widget-container\">\n\t\t\t\t\t\t\t\t\t<p>La tomograf\u00eda de coherencia \u00f3ptica u OCT (por sus siglas en ingl\u00e9s) es una modalidad de imagenolog\u00eda m\u00e9dica no invasiva que utiliza la luz de un laser para generar im\u00e1genes en vivo de alta resoluci\u00f3n de la m\u00e1cula, retina, coroides, nervio \u00f3ptico y v\u00edtreo. El OCT no es molesto para el paciente y NO tiene efectos secundarios para el paciente. El OCT se utiliza tanto para diagnosticar como para dar seguimiento a una determinada patolog\u00eda.<\/p><p>Existen en el mercado OCTs de diferentes casas comerciales. No todos son iguales. Nuestro OCT es fabricado por Heidelberg Engineering\u00a0\u00a0y representa tecnolog\u00eda de punta. Es un OCT de alta resoluci\u00f3n con\u00a0<em>eye tracking\u00a0<\/em>\u00a0lo cual permite una mejor resoluci\u00f3n de las im\u00e1genes y mayor certeza de que los ex\u00e1menes que se realicen subsecuentemente sean del mismo sitio. Esto es sumamente importante en patolog\u00edas como la degeneraci\u00f3n macular relacionada a la edad de tipo h\u00fameda ya que la determinaci\u00f3n de mejor\u00eda o empeoramiento dependen de un OCT preciso. Adem\u00e1s tiene la versatilidad de poder realizar el OCT en conjunto a otras modalidades de im\u00e1genes como la reflectancia infraroja, angiograf\u00eda con fluoresceina, angiograf\u00eda con indocianina verde, reflectancia azul, autofluorescencia azul y autofluorescencia infraroja.<\/p><p>Aprender m\u00e1s<\/p><p><a href=\"https:\/\/www.aao.org\/salud-ocular\/tratamientos\/tomografia-de-coherencia-optica\">https:\/\/www.aao.org\/salud-ocular\/tratamientos\/tomografia-de-coherencia-optica<\/a><\/p>\t\t\t\t\t\t\t\t<\/div>\n\t\t\t\t<\/div>\n\t\t\t\t<div class=\"elementor-element elementor-element-29cb435 elementor-widget elementor-widget-spacer\" data-id=\"29cb435\" data-element_type=\"widget\" data-widget_type=\"spacer.default\">\n\t\t\t\t<div class=\"elementor-widget-container\">\n\t\t\t\t\t\t\t<div class=\"elementor-spacer\">\n\t\t\t<div class=\"elementor-spacer-inner\"><\/div>\n\t\t<\/div>\n\t\t\t\t\t\t<\/div>\n\t\t\t\t<\/div>\n\t\t\t\t\t<\/div>\n\t\t<\/div>\n\t\t\t\t\t<\/div>\n\t\t<\/section>\n\t\t\t\t<\/div>","protected":false},"excerpt":{"rendered":"<p>Tomograf\u00eda de Coherencia \u00d3ptica La tomograf\u00eda de coherencia \u00f3ptica u OCT (por sus siglas en ingl\u00e9s) es una modalidad de imagenolog\u00eda m\u00e9dica no invasiva que utiliza la luz de un laser para generar im\u00e1genes en vivo de alta resoluci\u00f3n de la m\u00e1cula, retina, coroides, nervio \u00f3ptico y v\u00edtreo. El OCT no es molesto para el &hellip;<\/p>\n<p class=\"read-more\"> <a class=\"\" href=\"https:\/\/retinacr.com\/en\/estudios-complementarios\/\"> <span class=\"screen-reader-text\">OCT<\/span> Read More &raquo;<\/a><\/p>","protected":false},"author":1,"featured_media":0,"parent":0,"menu_order":0,"comment_status":"closed","ping_status":"closed","template":"","meta":{"footnotes":""},"class_list":["post-306","page","type-page","status-publish","hentry"],"_links":{"self":[{"href":"https:\/\/retinacr.com\/en\/wp-json\/wp\/v2\/pages\/306","targetHints":{"allow":["GET"]}}],"collection":[{"href":"https:\/\/retinacr.com\/en\/wp-json\/wp\/v2\/pages"}],"about":[{"href":"https:\/\/retinacr.com\/en\/wp-json\/wp\/v2\/types\/page"}],"author":[{"embeddable":true,"href":"https:\/\/retinacr.com\/en\/wp-json\/wp\/v2\/users\/1"}],"replies":[{"embeddable":true,"href":"https:\/\/retinacr.com\/en\/wp-json\/wp\/v2\/comments?post=306"}],"version-history":[{"count":7,"href":"https:\/\/retinacr.com\/en\/wp-json\/wp\/v2\/pages\/306\/revisions"}],"predecessor-version":[{"id":332,"href":"https:\/\/retinacr.com\/en\/wp-json\/wp\/v2\/pages\/306\/revisions\/332"}],"wp:attachment":[{"href":"https:\/\/retinacr.com\/en\/wp-json\/wp\/v2\/media?parent=306"}],"curies":[{"name":"wp","href":"https:\/\/api.w.org\/{rel}","templated":true}]}}